{"id":127,"date":"2025-09-10T15:02:54","date_gmt":"2025-09-10T15:02:54","guid":{"rendered":"https:\/\/enfermeriaentudomicilio.com\/?page_id=127"},"modified":"2025-09-14T09:56:25","modified_gmt":"2025-09-14T09:56:25","slug":"about-me","status":"publish","type":"page","link":"https:\/\/enfermeriaentudomicilio.com\/?page_id=127","title":{"rendered":"Con\u00f3ceme"},"content":{"rendered":"<p>[et_pb_section fb_built=\u00bb1&#8243; _builder_version=\u00bb4.27.4&#8243; _module_preset=\u00bbdefault\u00bb global_colors_info=\u00bb{}\u00bb][et_pb_row column_structure=\u00bb3_5,2_5&#8243; _builder_version=\u00bb4.27.4&#8243; _module_preset=\u00bbdefault\u00bb global_colors_info=\u00bb{}\u00bb][et_pb_column type=\u00bb3_5&#8243; _builder_version=\u00bb4.27.4&#8243; _module_preset=\u00bbdefault\u00bb global_colors_info=\u00bb{}\u00bb][et_pb_text _builder_version=\u00bb4.27.4&#8243; _module_preset=\u00bbdefault\u00bb global_colors_info=\u00bb{}\u00bb]<\/p>\n<h1><strong>Cuidarte Enfermer\u00eda en tu domicilio<\/strong><\/h1>\n<h2><strong>Por Nicolay Torres<\/strong><\/h2>\n<p>[\/et_pb_text][\/et_pb_column][et_pb_column type=\u00bb2_5&#8243; _builder_version=\u00bb4.27.4&#8243; _module_preset=\u00bbdefault\u00bb global_colors_info=\u00bb{}\u00bb][\/et_pb_column][\/et_pb_row][et_pb_row column_structure=\u00bb2_3,1_3&#8243; _builder_version=\u00bb4.27.4&#8243; _module_preset=\u00bbdefault\u00bb global_colors_info=\u00bb{}\u00bb][et_pb_column type=\u00bb2_3&#8243; _builder_version=\u00bb4.27.4&#8243; _module_preset=\u00bbdefault\u00bb global_colors_info=\u00bb{}\u00bb][et_pb_text _builder_version=\u00bb4.27.4&#8243; _module_preset=\u00bbdefault\u00bb global_colors_info=\u00bb{}\u00bb]<\/p>\n<div class=\"et_pb_column et_pb_column_1_2 et_pb_column_26  et_pb_css_mix_blend_mode_passthrough\">\n<div class=\"et_pb_module et_pb_text et_pb_text_17  et_pb_text_align_left et_pb_bg_layout_light\">\n<div class=\"et_pb_text_inner\">\n<p style=\"text-align: justify;\">Cuidarte Enfermer\u00eda en tu domicilio naci\u00f3 con el prop\u00f3sito de brindar atenci\u00f3n sanitaria personalizada y de calidad en la comodidad del hogar. Desde el inicio, he estado comprometido con el bienestar de las personas, ofreciendo servicios especializados como cura de heridas, administraci\u00f3n de inyectables, terapia endovenosa, y cuidado a personas con enfermedades cr\u00f3nicas y esquizofrenia.\u00a0 Elegirme significa optar por la confianza, la seguridad, un servicio cercano en el que pueda darte el cuidado que mereces.<\/p>\n<\/div>\n<\/div>\n<\/div>\n<div class=\"et_pb_column et_pb_column_1_2 et_pb_column_27  et_pb_css_mix_blend_mode_passthrough et-last-child\">\n<div class=\"et_pb_module et_pb_text et_pb_text_18  et_pb_text_align_left et_pb_bg_layout_light\">\n<div class=\"et_pb_text_inner\">\n<p style=\"text-align: justify;\">Me destaco por la dedicaci\u00f3n y profesionalismo. En Cuidarte Enfermer\u00eda en tu domicilio, ver\u00e1s la importancia de recibir atenci\u00f3n sanitaria en un entorno familiar y c\u00f3modo, en el que se\u00a0 ofrece un servicio adaptado a las necesidades individuales de cada persona. Mi enfoque de atenci\u00f3n centrada en la persona y la experiencia en el sector me convierten en la mejor opci\u00f3n para quienes buscan atenci\u00f3n de enfermer\u00eda domiciliaria de calidad. Perm\u00edteme cuidar de ti y de tus seres queridos.<\/p>\n<\/div>\n<\/div>\n<\/div>\n<p>[\/et_pb_text][\/et_pb_column][et_pb_column type=\u00bb1_3&#8243; _builder_version=\u00bb4.27.4&#8243; _module_preset=\u00bbdefault\u00bb global_colors_info=\u00bb{}\u00bb][et_pb_image src=\u00bbhttps:\/\/enfermeriaentudomicilio.com\/wp-content\/uploads\/2025\/09\/WhatsApp-Image-2025-09-11-at-13.00.39-2.jpeg\u00bb title_text=\u00bbWhatsApp Image 2025-09-11 at 13.00.39&#8243; admin_label=\u00bbImagen\u00bb _builder_version=\u00bb4.27.4&#8243; _module_preset=\u00bbdefault\u00bb global_colors_info=\u00bb{}\u00bb][\/et_pb_image][\/et_pb_column][\/et_pb_row][et_pb_row _builder_version=\u00bb4.27.4&#8243; _module_preset=\u00bbdefault\u00bb][et_pb_column _builder_version=\u00bb4.27.4&#8243; _module_preset=\u00bbdefault\u00bb type=\u00bb4_4&#8243; hover_enabled=\u00bb0&#8243; sticky_enabled=\u00bb0&#8243;][et_pb_button button_url=\u00bbhttps:\/\/enfermeriaentudomicilio.com\/?page_id=54&#8243; button_text=\u00bbPide tu cita ahora\u00bb button_alignment=\u00bbleft\u00bb _builder_version=\u00bb4.27.4&#8243; _module_preset=\u00bb1bffc0fc-42a0-49d1-bd9a-ae3ade2d7206&#8243; custom_button=\u00bbon\u00bb button_text_size=\u00bb15px\u00bb button_text_color=\u00bb#F2EFEB\u00bb button_bg_color=\u00bb#02c39a\u00bb button_border_width=\u00bb0px\u00bb button_border_radius=\u00bb100px\u00bb button_font=\u00bbWork Sans|500|||||||\u00bb custom_padding=\u00bb12px|24px|12px|24px|true|true\u00bb animation_style=\u00bbfade\u00bb locked=\u00bboff\u00bb global_colors_info=\u00bb{}\u00bb custom_padding__hover_enabled=\u00bboff|desktop\u00bb custom_padding__hover=\u00bb|28px||20px|true|false\u00bb][\/et_pb_button][et_pb_image src=\u00bbhttps:\/\/enfermeriaentudomicilio.com\/wp-content\/uploads\/2025\/09\/Logo-head-2.png\u00bb title_text=\u00bbLogo head\u00bb align=\u00bbcenter\u00bb admin_label=\u00bbLogo Cuidarte\u00bb _builder_version=\u00bb4.27.4&#8243; _module_preset=\u00bbdefault\u00bb global_colors_info=\u00bb{}\u00bb][\/et_pb_image][\/et_pb_column][\/et_pb_row][\/et_pb_section]<\/p>\n","protected":false},"excerpt":{"rendered":"<p>Cuidarte Enfermer\u00eda en tu domicilio Por Nicolay Torres Cuidarte Enfermer\u00eda en tu domicilio naci\u00f3 con el prop\u00f3sito de brindar atenci\u00f3n sanitaria personalizada y de calidad en la comodidad del hogar. Desde el inicio, he estado comprometido con el bienestar de las personas, ofreciendo servicios especializados como cura de heridas, administraci\u00f3n de inyectables, terapia endovenosa, y [&hellip;]<\/p>\n","protected":false},"author":1,"featured_media":0,"parent":0,"menu_order":0,"comment_status":"closed","ping_status":"closed","template":"","meta":{"_et_pb_use_builder":"on","_et_pb_old_content":"","_et_gb_content_width":"","footnotes":""},"class_list":["post-127","page","type-page","status-publish","hentry"],"_links":{"self":[{"href":"https:\/\/enfermeriaentudomicilio.com\/index.php?rest_route=\/wp\/v2\/pages\/127","targetHints":{"allow":["GET"]}}],"collection":[{"href":"https:\/\/enfermeriaentudomicilio.com\/index.php?rest_route=\/wp\/v2\/pages"}],"about":[{"href":"https:\/\/enfermeriaentudomicilio.com\/index.php?rest_route=\/wp\/v2\/types\/page"}],"author":[{"embeddable":true,"href":"https:\/\/enfermeriaentudomicilio.com\/index.php?rest_route=\/wp\/v2\/users\/1"}],"replies":[{"embeddable":true,"href":"https:\/\/enfermeriaentudomicilio.com\/index.php?rest_route=%2Fwp%2Fv2%2Fcomments&post=127"}],"version-history":[{"count":16,"href":"https:\/\/enfermeriaentudomicilio.com\/index.php?rest_route=\/wp\/v2\/pages\/127\/revisions"}],"predecessor-version":[{"id":245,"href":"https:\/\/enfermeriaentudomicilio.com\/index.php?rest_route=\/wp\/v2\/pages\/127\/revisions\/245"}],"wp:attachment":[{"href":"https:\/\/enfermeriaentudomicilio.com\/index.php?rest_route=%2Fwp%2Fv2%2Fmedia&parent=127"}],"curies":[{"name":"wp","href":"https:\/\/api.w.org\/{rel}","templated":true}]}}